{"id":9556,"date":"2025-08-26T17:08:31","date_gmt":"2025-08-26T17:08:31","guid":{"rendered":"https:\/\/www.areajuridica.co\/?page_id=9556"},"modified":"2026-02-12T13:26:51","modified_gmt":"2026-02-12T13:26:51","slug":"ciclo-empresarial","status":"publish","type":"page","link":"https:\/\/www.areajuridica.co\/?page_id=9556","title":{"rendered":"Ciclo Empresarial"},"content":{"rendered":"\t\t<div data-elementor-type=\"wp-page\" data-elementor-id=\"9556\" class=\"elementor elementor-9556\">\n\t\t\t\t\t\t<section class=\"elementor-section elementor-top-section elementor-element elementor-element-403fd41 elementor-section-boxed elementor-section-height-default elementor-section-height-default\" data-id=\"403fd41\" data-element_type=\"section\" data-e-type=\"section\">\n\t\t\t\t\t\t<div class=\"elementor-container elementor-column-gap-default\">\n\t\t\t\t\t<div class=\"elementor-column elementor-col-100 elementor-top-column elementor-element elementor-element-a2e16f0\" data-id=\"a2e16f0\" data-element_type=\"column\" data-e-type=\"column\">\n\t\t\t<div class=\"elementor-widget-wrap elementor-element-populated\">\n\t\t\t\t\t\t<div class=\"elementor-element elementor-element-bd56d56 elementor-widget elementor-widget-rt-service-box\" data-id=\"bd56d56\" data-element_type=\"widget\" data-e-type=\"widget\" data-widget_type=\"rt-service-box.default\">\n\t\t\t\t<div class=\"elementor-widget-container\">\n\t\t\t\t\t\n\n<section class=\"feature-wrap-layout1\">\n\t<div class=\"row no-gutters d-md-flex justify-content-center\">\n\t\t\t\t<div class=\"col-lg-4 col-md-6 col-12\">\n\t\t\t<div class=\"feature-box-layout1\">\n\n\t\t\t\t<div class=\"item-icon\">\n\t\t\t\t\t<i class=\"fas fa-building\"><\/i>\n\t\t\t\t<\/div>\n\t\t\t\t\t\t\t\t<h3 class=\"item-title\">Creaci\u00f3n de Empresas<\/h3>\n\t\t\t\t\t\t\t<\/div>\n\t\t<\/div>\n\t\t\t\t<div class=\"col-lg-4 col-md-6 col-12\">\n\t\t\t<div class=\"feature-box-layout1\">\n\n\t\t\t\t<div class=\"item-icon\">\n\t\t\t\t\t<i class=\"fas fa-coins\"><\/i>\n\t\t\t\t<\/div>\n\t\t\t\t\t\t\t\t<h3 class=\"item-title\">Liquidaci\u00f3n de empresas<\/h3>\n\t\t\t\t\t\t\t<\/div>\n\t\t<\/div>\n\t\t\t<\/div>\n<\/section>\n\t\t\t\t<\/div>\n\t\t\t\t<\/div>\n\t\t\t\t\t<\/div>\n\t\t<\/div>\n\t\t\t\t\t<\/div>\n\t\t<\/section>\n\t\t\t\t<section class=\"elementor-section elementor-top-section elementor-element elementor-element-7a27612 elementor-section-boxed elementor-section-height-default elementor-section-height-default\" data-id=\"7a27612\" data-element_type=\"section\" data-e-type=\"section\">\n\t\t\t\t\t\t<div class=\"elementor-container elementor-column-gap-default\">\n\t\t\t\t\t<div class=\"elementor-column elementor-col-100 elementor-top-column elementor-element elementor-element-2b6be44\" data-id=\"2b6be44\" data-element_type=\"column\" data-e-type=\"column\">\n\t\t\t<div class=\"elementor-widget-wrap elementor-element-populated\">\n\t\t\t\t\t\t<div class=\"elementor-element elementor-element-c9f8418 elementor-widget elementor-widget-heading\" data-id=\"c9f8418\" data-element_type=\"widget\" data-e-type=\"widget\" data-widget_type=\"heading.default\">\n\t\t\t\t<div class=\"elementor-widget-container\">\n\t\t\t\t\t<h2 class=\"elementor-heading-title elementor-size-default\">Creaci\u00f3n y Liquidaci\u00f3n de Empresas<\/h2>\t\t\t\t<\/div>\n\t\t\t\t<\/div>\n\t\t\t\t\t<\/div>\n\t\t<\/div>\n\t\t\t\t\t<\/div>\n\t\t<\/section>\n\t\t\t\t<section class=\"elementor-section elementor-top-section elementor-element elementor-element-795da2e elementor-section-boxed elementor-section-height-default elementor-section-height-default\" data-id=\"795da2e\" data-element_type=\"section\" data-e-type=\"section\">\n\t\t\t\t\t\t<div class=\"elementor-container elementor-column-gap-default\">\n\t\t\t\t\t<div class=\"elementor-column elementor-col-100 elementor-top-column elementor-element elementor-element-ec87d5e\" data-id=\"ec87d5e\" data-element_type=\"column\" data-e-type=\"column\">\n\t\t\t<div class=\"elementor-widget-wrap elementor-element-populated\">\n\t\t\t\t\t\t<div class=\"elementor-element elementor-element-edfd4a7 elementor-widget elementor-widget-text-editor\" data-id=\"edfd4a7\" data-element_type=\"widget\" data-e-type=\"widget\" data-widget_type=\"text-editor.default\">\n\t\t\t\t<div class=\"elementor-widget-container\">\n\t\t\t\t\t\t\t\t\t<p data-start=\"124\" data-end=\"335\"><strong data-start=\"124\" data-end=\"333\">Acompa\u00f1amos a emprendedores, empresarios y organizaciones en la creaci\u00f3n, formalizaci\u00f3n y liquidaci\u00f3n de sus entidades, brindando asesor\u00eda integral para elegir la figura jur\u00eddica m\u00e1s adecuada, tales como:<\/strong><\/p><ul data-start=\"337\" data-end=\"587\"><li data-start=\"337\" data-end=\"356\"><p data-start=\"339\" data-end=\"356\">Persona Natural<\/p><\/li><li data-start=\"357\" data-end=\"384\"><p data-start=\"359\" data-end=\"384\">Sociedad An\u00f3nima (S.A.)<\/p><\/li><li data-start=\"385\" data-end=\"432\"><p data-start=\"387\" data-end=\"432\">Sociedad por Acciones Simplificada (S.A.S.)<\/p><\/li><li data-start=\"433\" data-end=\"481\"><p data-start=\"435\" data-end=\"481\">Sociedad de Responsabilidad Limitada (Ltda.)<\/p><\/li><li data-start=\"482\" data-end=\"504\"><p data-start=\"484\" data-end=\"504\">Sociedad Colectiva<\/p><\/li><li data-start=\"505\" data-end=\"554\"><p data-start=\"507\" data-end=\"554\">Sociedad en Comandita (Simple o por Acciones)<\/p><\/li><li data-start=\"555\" data-end=\"587\"><p data-start=\"557\" data-end=\"587\">Entidades sin \u00c1nimo de Lucro<\/p><\/li><\/ul>\t\t\t\t\t\t\t\t<\/div>\n\t\t\t\t<\/div>\n\t\t\t\t\t<\/div>\n\t\t<\/div>\n\t\t\t\t\t<\/div>\n\t\t<\/section>\n\t\t\t\t<section class=\"elementor-section elementor-top-section elementor-element elementor-element-b938817 elementor-section-boxed elementor-section-height-default elementor-section-height-default\" data-id=\"b938817\" data-element_type=\"section\" data-e-type=\"section\">\n\t\t\t\t\t\t<div class=\"elementor-container elementor-column-gap-default\">\n\t\t\t\t\t<div class=\"elementor-column elementor-col-100 elementor-top-column elementor-element elementor-element-1c5e142\" data-id=\"1c5e142\" data-element_type=\"column\" data-e-type=\"column\">\n\t\t\t<div class=\"elementor-widget-wrap\">\n\t\t\t\t\t\t\t<\/div>\n\t\t<\/div>\n\t\t\t\t\t<\/div>\n\t\t<\/section>\n\t\t\t\t<\/div>\n\t\t","protected":false},"excerpt":{"rendered":"<p>Creaci\u00f3n de Empresas Liquidaci\u00f3n de empresas Creaci\u00f3n y Liquidaci\u00f3n de Empresas Acompa\u00f1amos a emprendedores, empresarios y organizaciones en la creaci\u00f3n, formalizaci\u00f3n y liquidaci\u00f3n de sus entidades, brindando asesor\u00eda integral para elegir la figura jur\u00eddica m\u00e1s adecuada, tales como: Persona Natural Sociedad An\u00f3nima (S.A.) Sociedad por Acciones Simplificada (S.A.S.) Sociedad de Responsabilidad Limitada (Ltda.) Sociedad Colectiva&#8230;<\/p>\n","protected":false},"author":3,"featured_media":0,"parent":0,"menu_order":0,"comment_status":"closed","ping_status":"closed","template":"","meta":{"footnotes":""},"class_list":["post-9556","page","type-page","status-publish","hentry"],"_links":{"self":[{"href":"https:\/\/www.areajuridica.co\/index.php?rest_route=\/wp\/v2\/pages\/9556","targetHints":{"allow":["GET"]}}],"collection":[{"href":"https:\/\/www.areajuridica.co\/index.php?rest_route=\/wp\/v2\/pages"}],"about":[{"href":"https:\/\/www.areajuridica.co\/index.php?rest_route=\/wp\/v2\/types\/page"}],"author":[{"embeddable":true,"href":"https:\/\/www.areajuridica.co\/index.php?rest_route=\/wp\/v2\/users\/3"}],"replies":[{"embeddable":true,"href":"https:\/\/www.areajuridica.co\/index.php?rest_route=%2Fwp%2Fv2%2Fcomments&post=9556"}],"version-history":[{"count":11,"href":"https:\/\/www.areajuridica.co\/index.php?rest_route=\/wp\/v2\/pages\/9556\/revisions"}],"predecessor-version":[{"id":9572,"href":"https:\/\/www.areajuridica.co\/index.php?rest_route=\/wp\/v2\/pages\/9556\/revisions\/9572"}],"wp:attachment":[{"href":"https:\/\/www.areajuridica.co\/index.php?rest_route=%2Fwp%2Fv2%2Fmedia&parent=9556"}],"curies":[{"name":"wp","href":"https:\/\/api.w.org\/{rel}","templated":true}]}}