{"id":9100,"date":"2024-11-25T16:42:37","date_gmt":"2024-11-25T16:42:37","guid":{"rendered":"https:\/\/www.areajuridica.co\/web\/?page_id=9100"},"modified":"2026-02-13T14:17:41","modified_gmt":"2026-02-13T14:17:41","slug":"otros-procesos-legales","status":"publish","type":"page","link":"https:\/\/www.areajuridica.co\/?page_id=9100","title":{"rendered":"Otros Procesos Legales"},"content":{"rendered":"\t\t<div data-elementor-type=\"wp-page\" data-elementor-id=\"9100\" class=\"elementor elementor-9100\">\n\t\t\t\t\t\t<section class=\"elementor-section elementor-top-section elementor-element elementor-element-0c6c289 elementor-section-full_width elementor-reverse-tablet elementor-reverse-mobile elementor-section-stretched process-wrap-layout2 elementor-section-height-default elementor-section-height-default\" data-id=\"0c6c289\" data-element_type=\"section\" data-e-type=\"section\" data-settings=\"{&quot;background_background&quot;:&quot;classic&quot;,&quot;stretch_section&quot;:&quot;section-stretched&quot;}\">\n\t\t\t\t\t\t\t<div class=\"elementor-background-overlay\"><\/div>\n\t\t\t\t\t\t\t<div class=\"elementor-container elementor-column-gap-no\">\n\t\t\t\t\t<div class=\"elementor-column elementor-col-50 elementor-top-column elementor-element elementor-element-1e7dd02\" data-id=\"1e7dd02\" data-element_type=\"column\" data-e-type=\"column\" data-settings=\"{&quot;background_background&quot;:&quot;classic&quot;}\">\n\t\t\t<div class=\"elementor-widget-wrap elementor-element-populated\">\n\t\t\t\t\t\t<div class=\"elementor-element elementor-element-71aa15e elementor-widget elementor-widget-video\" data-id=\"71aa15e\" data-element_type=\"widget\" data-e-type=\"widget\" data-settings=\"{&quot;video_type&quot;:&quot;hosted&quot;,&quot;controls&quot;:&quot;yes&quot;}\" data-widget_type=\"video.default\">\n\t\t\t\t<div class=\"elementor-widget-container\">\n\t\t\t\t\t\t\t<div class=\"e-hosted-video elementor-wrapper elementor-open-inline\">\n\t\t\t\t\t<video class=\"elementor-video\" src=\"https:\/\/www.areajuridica.co\/wp-content\/uploads\/2026\/02\/0212-1-1.mp4\" controls=\"\" preload=\"metadata\" controlsList=\"nodownload\"><\/video>\n\t\t\t\t<\/div>\n\t\t\t\t\t\t<\/div>\n\t\t\t\t<\/div>\n\t\t\t\t\t<\/div>\n\t\t<\/div>\n\t\t\t\t<div class=\"elementor-column elementor-col-50 elementor-top-column elementor-element elementor-element-e6e93b4 compress-right-side\" data-id=\"e6e93b4\" data-element_type=\"column\" data-e-type=\"column\">\n\t\t\t<div class=\"elementor-widget-wrap elementor-element-populated\">\n\t\t\t\t\t\t<div class=\"elementor-element elementor-element-56f5eb1 elementor-widget elementor-widget-rt-service-box\" data-id=\"56f5eb1\" data-element_type=\"widget\" data-e-type=\"widget\" data-widget_type=\"rt-service-box.default\">\n\t\t\t\t<div class=\"elementor-widget-container\">\n\t\t\t\t\t\n<ul class=\"one-column-wrap\">\n        <li class=\"process-box-layout2\">\n                <div class=\"item-content\">\n                        <h3 class=\"item-title\">Consultor\u00eda Jur\u00eddica <\/h3>\n                        <p>+1710 casos de \u00e9xito somos especialistas en derecho civil, laboral, penal, comercial y tributario. Asesoramos profesionalmente a empresarios y emprendedores en creaci\u00f3n y gesti\u00f3n\u00a0de\u00a0proyectos.<\/p>\n                    <\/div>\n    <\/li>\n    <\/ul>\t\t\t\t<\/div>\n\t\t\t\t<\/div>\n\t\t\t\t\t<\/div>\n\t\t<\/div>\n\t\t\t\t\t<\/div>\n\t\t<\/section>\n\t\t\t\t<section class=\"elementor-section elementor-top-section elementor-element elementor-element-406bb79a elementor-section-full_width contact-progress-wrap-layout1 elementor-section-height-default elementor-section-height-default\" data-id=\"406bb79a\" data-element_type=\"section\" data-e-type=\"section\" data-settings=\"{&quot;background_background&quot;:&quot;classic&quot;}\">\n\t\t\t\t\t\t<div class=\"elementor-container elementor-column-gap-no\">\n\t\t\t\t\t<div class=\"elementor-column elementor-col-50 elementor-top-column elementor-element elementor-element-f95f85d\" data-id=\"f95f85d\" data-element_type=\"column\" data-e-type=\"column\" data-settings=\"{&quot;background_background&quot;:&quot;classic&quot;}\">\n\t\t\t<div class=\"elementor-widget-wrap elementor-element-populated\">\n\t\t\t\t\t\t<section class=\"elementor-section elementor-inner-section elementor-element elementor-element-649a3918 elementor-hidden-tablet elementor-hidden-phone elementor-section-boxed elementor-section-height-default elementor-section-height-default\" data-id=\"649a3918\" data-element_type=\"section\" data-e-type=\"section\" data-settings=\"{&quot;background_background&quot;:&quot;classic&quot;}\">\n\t\t\t\t\t\t<div class=\"elementor-container elementor-column-gap-default\">\n\t\t\t\t\t<div class=\"elementor-column elementor-col-50 elementor-inner-column elementor-element elementor-element-1edb4bec elementor-hidden-tablet elementor-hidden-phone\" data-id=\"1edb4bec\" data-element_type=\"column\" data-e-type=\"column\">\n\t\t\t<div class=\"elementor-widget-wrap\">\n\t\t\t\t\t\t\t<\/div>\n\t\t<\/div>\n\t\t\t\t<div class=\"elementor-column elementor-col-50 elementor-inner-column elementor-element elementor-element-b303b59\" data-id=\"b303b59\" data-element_type=\"column\" data-e-type=\"column\">\n\t\t\t<div class=\"elementor-widget-wrap elementor-element-populated\">\n\t\t\t\t\t\t<div class=\"elementor-element elementor-element-2849d051 elementor-widget elementor-widget-rt-section-heading\" data-id=\"2849d051\" data-element_type=\"widget\" data-e-type=\"widget\" data-widget_type=\"rt-section-heading.default\">\n\t\t\t\t<div class=\"elementor-widget-container\">\n\t\t\t\t\t\n<div class=\"section-heading2\">\n\t\t<h2 class=\"heading-main-title\">Cont\u00e1ctanos Ahora<\/h2>\n\t<\/div>\t\t\t\t<\/div>\n\t\t\t\t<\/div>\n\t\t\t\t<div class=\"elementor-element elementor-element-24af472a elementor-widget elementor-widget-shortcode\" data-id=\"24af472a\" data-element_type=\"widget\" data-e-type=\"widget\" data-widget_type=\"shortcode.default\">\n\t\t\t\t<div class=\"elementor-widget-container\">\n\t\t\t\t\t\t\t<div class=\"elementor-shortcode\">\n<div class=\"wpcf7 no-js\" id=\"wpcf7-f509-o1\" lang=\"en-US\" dir=\"ltr\" data-wpcf7-id=\"509\">\n<div class=\"screen-reader-response\"><p role=\"status\" aria-live=\"polite\" aria-atomic=\"true\"><\/p> <ul><\/ul><\/div>\n<form action=\"\/index.php?rest_route=%2Fwp%2Fv2%2Fpages%2F9100#wpcf7-f509-o1\" method=\"post\" class=\"wpcf7-form init\" aria-label=\"Contact form\" novalidate=\"novalidate\" data-status=\"init\">\n<fieldset class=\"hidden-fields-container\"><input type=\"hidden\" name=\"_wpcf7\" value=\"509\" \/><input type=\"hidden\" name=\"_wpcf7_version\" value=\"6.1.5\" \/><input type=\"hidden\" name=\"_wpcf7_locale\" value=\"en_US\" \/><input type=\"hidden\" name=\"_wpcf7_unit_tag\" value=\"wpcf7-f509-o1\" \/><input type=\"hidden\" name=\"_wpcf7_container_post\" value=\"0\" \/><input type=\"hidden\" name=\"_wpcf7_posted_data_hash\" value=\"\" \/>\n<\/fieldset>\n<div class=\"consultation_contact\">\n<div class=\"row\">\n<div class=\"col-md-6 form-group\">\n          <span class=\"wpcf7-form-control-wrap\" data-name=\"username\"><input size=\"40\" maxlength=\"400\" class=\"wpcf7-form-control wpcf7-text wpcf7-validates-as-required form-control\" aria-required=\"true\" aria-invalid=\"false\" placeholder=\"Nombre *\" value=\"\" type=\"text\" name=\"username\" \/><\/span>\n\t  <div class=\"help-block with-errors\"><\/div>\n      <\/div>\n      <div class=\"col-md-6 form-group\">\n           <span class=\"wpcf7-form-control-wrap\" data-name=\"email\"><input size=\"40\" maxlength=\"400\" class=\"wpcf7-form-control wpcf7-email wpcf7-validates-as-required wpcf7-text wpcf7-validates-as-email form-control\" aria-required=\"true\" aria-invalid=\"false\" placeholder=\"Email *\" value=\"\" type=\"email\" name=\"email\" \/><\/span>\n\t<div class=\"help-block with-errors\"><\/div>\n      <\/div>\n      <div class=\"col-md-6 form-group\">\n        <span class=\"wpcf7-form-control-wrap\" data-name=\"phone\"><input size=\"40\" maxlength=\"400\" class=\"wpcf7-form-control wpcf7-tel wpcf7-validates-as-required wpcf7-text wpcf7-validates-as-tel form-control\" aria-required=\"true\" aria-invalid=\"false\" placeholder=\"Telefono *\" value=\"\" type=\"tel\" name=\"phone\" \/><\/span>\n\t<div class=\"help-block with-errors\"><\/div>\n      <\/div>\n      <div class=\"col-md-6 form-group\">\n        <span class=\"wpcf7-form-control-wrap\" data-name=\"subject\"><input size=\"40\" maxlength=\"400\" class=\"wpcf7-form-control wpcf7-text wpcf7-validates-as-required form-control\" aria-required=\"true\" aria-invalid=\"false\" placeholder=\"Asunto\" value=\"\" type=\"text\" name=\"subject\" \/><\/span>\n\t<div class=\"help-block with-errors\"><\/div>\n      <\/div>\n      <div class=\"col-12 form-group\">\n        <span class=\"wpcf7-form-control-wrap\" data-name=\"message\"><textarea cols=\"40\" rows=\"10\" maxlength=\"2000\" class=\"wpcf7-form-control wpcf7-textarea wpcf7-validates-as-required textarea form-control\" aria-required=\"true\" aria-invalid=\"false\" placeholder=\"Mensaje\" name=\"message\"><\/textarea><\/span>\n        <div class=\"help-block with-errors\"><\/div>\n      <\/div>\n      <div class=\"col-12 form-group text-center\">\n        <button type=\"submit\" class=\"btn-fill\">Contactar Asesor<\/button>\n      <\/div>\n      <div class=\"form-response\"><\/div>\n<\/div>\n<\/div><div class=\"wpcf7-response-output\" aria-hidden=\"true\"><\/div>\n<\/form>\n<\/div>\n<\/div>\n\t\t\t\t\t\t<\/div>\n\t\t\t\t<\/div>\n\t\t\t\t\t<\/div>\n\t\t<\/div>\n\t\t\t\t\t<\/div>\n\t\t<\/section>\n\t\t\t\t\t<\/div>\n\t\t<\/div>\n\t\t\t\t<div class=\"elementor-column elementor-col-50 elementor-top-column elementor-element elementor-element-502fc8fa\" data-id=\"502fc8fa\" data-element_type=\"column\" data-e-type=\"column\">\n\t\t\t<div class=\"elementor-widget-wrap elementor-element-populated\">\n\t\t\t\t\t\t<div class=\"elementor-element elementor-element-6d99b689 elementor-widget elementor-widget-rt-prograss-box\" data-id=\"6d99b689\" data-element_type=\"widget\" data-e-type=\"widget\" data-widget_type=\"rt-prograss-box.default\">\n\t\t\t\t<div class=\"elementor-widget-container\">\n\t\t\t\t\t\n<div class=\"progress-wrap-layout2\">\n\t<div class=\"progress-inner\">\n\t\t<ul>\n\t\t\t\t\t\t<li>\n\t\t\t\t<div class=\"progress-box-layout2  wow animated fadeInUp\" data-wow-delay=\"0.4s\">\n\t\t\t\t\t\t\t\t\t\t<div class=\"counting-text counter\" data-num=\"700\">700<\/div>\n\t\t\t\t\t\t\t\t\t\t<p class=\"item-title\">Casos Jur\u00eddicos<\/p>\n\t\t\t\t\t\t\t\t\t<\/div>\n\t\t\t<\/li>\n\t\t\t\t\t\t<li>\n\t\t\t\t<div class=\"progress-box-layout2  wow animated fadeInUp\" data-wow-delay=\"0.2s\">\n\t\t\t\t\t\t\t\t\t\t<div class=\"counting-text counter\" data-num=\"1710\">1710<\/div>\n\t\t\t\t\t\t\t\t\t\t<p class=\"item-title\">Clientes Satisfechos<\/p>\n\t\t\t\t\t\t\t\t\t<\/div>\n\t\t\t<\/li>\n\t\t\t\t\t\t<li>\n\t\t\t\t<div class=\"progress-box-layout2 pbox-bg wow animated fadeInUp\" data-wow-delay=\"0.4s\">\n\t\t\t\t\t\t\t\t\t\t<div class=\"counting-text counter\" data-num=\"90\">90<\/div>\n\t\t\t\t\t\t\t\t\t\t<p class=\"item-title\">Efectividad<\/p>\n\t\t\t\t\t\t\t\t\t<\/div>\n\t\t\t<\/li>\n\t\t\t\t\t<\/ul>\n\t<\/div>\n<\/div>\t\t\t\t<\/div>\n\t\t\t\t<\/div>\n\t\t\t\t\t<\/div>\n\t\t<\/div>\n\t\t\t\t\t<\/div>\n\t\t<\/section>\n\t\t\t\t<\/div>\n\t\t","protected":false},"excerpt":{"rendered":"<p>https:\/\/www.areajuridica.co\/wp-content\/uploads\/2026\/02\/0212-1-1.mp4 Consultor\u00eda Jur\u00eddica +1710 casos de \u00e9xito somos especialistas en derecho civil, laboral, penal, comercial y tributario. Asesoramos profesionalmente a empresarios y emprendedores en creaci\u00f3n y gesti\u00f3n\u00a0de\u00a0proyectos. Cont\u00e1ctanos Ahora 700 Casos Jur\u00eddicos 1710 Clientes Satisfechos 90 Efectividad<\/p>\n","protected":false},"author":3,"featured_media":0,"parent":0,"menu_order":0,"comment_status":"closed","ping_status":"closed","template":"templates\/blank.php","meta":{"footnotes":""},"class_list":["post-9100","page","type-page","status-publish","hentry"],"_links":{"self":[{"href":"https:\/\/www.areajuridica.co\/index.php?rest_route=\/wp\/v2\/pages\/9100","targetHints":{"allow":["GET"]}}],"collection":[{"href":"https:\/\/www.areajuridica.co\/index.php?rest_route=\/wp\/v2\/pages"}],"about":[{"href":"https:\/\/www.areajuridica.co\/index.php?rest_route=\/wp\/v2\/types\/page"}],"author":[{"embeddable":true,"href":"https:\/\/www.areajuridica.co\/index.php?rest_route=\/wp\/v2\/users\/3"}],"replies":[{"embeddable":true,"href":"https:\/\/www.areajuridica.co\/index.php?rest_route=%2Fwp%2Fv2%2Fcomments&post=9100"}],"version-history":[{"count":64,"href":"https:\/\/www.areajuridica.co\/index.php?rest_route=\/wp\/v2\/pages\/9100\/revisions"}],"predecessor-version":[{"id":9915,"href":"https:\/\/www.areajuridica.co\/index.php?rest_route=\/wp\/v2\/pages\/9100\/revisions\/9915"}],"wp:attachment":[{"href":"https:\/\/www.areajuridica.co\/index.php?rest_route=%2Fwp%2Fv2%2Fmedia&parent=9100"}],"curies":[{"name":"wp","href":"https:\/\/api.w.org\/{rel}","templated":true}]}}